{"id":54,"date":"2021-09-02T16:37:55","date_gmt":"2021-09-02T14:37:55","guid":{"rendered":"https:\/\/eson.com.pl\/?page_id=54"},"modified":"2023-10-04T14:11:35","modified_gmt":"2023-10-04T12:11:35","slug":"kozly-oporowe","status":"publish","type":"page","link":"https:\/\/eson.com.pl\/?page_id=54","title":{"rendered":"Koz\u0142y oporowe"},"content":{"rendered":"\n<p>Koz\u0142y oporowe stalowe s\u0105 elementami nawierzchni kolejowej w trwa\u0142y spos\u00f3b zabezpieczaj\u0105cymi koniec toru kolejowego.<\/p>\n\n\n\n<p>Kozio\u0142 oporowy stalowy wykonany jest z szyn nowych lub starych u\u017cytecznych typu S42 lub 49E1 (S49) lub 60E1 (UIC60).<\/p>\n\n\n\n<p>Dopuszczalne zu\u017cycie boczne g\u0142\u00f3wki szyny ka\u017cdego typu wynosi 10mm, a dopuszczalne zu\u017cycie pionowe g\u0142\u00f3wki szyny dla ka\u017cdego typu wynosi 12mm.<\/p>\n\n\n\n<p>Kozio\u0142 oporowy stalowy jest zbudowany z szyn nowych lub starych u\u017cytecznych typu S42 lub 49E1 (S49) lub 60E1 (UIC60).<\/p>\n\n\n\n<figure class=\"wp-block-image size-large is-resized\"><img fetchpriority=\"high\" decoding=\"async\" src=\"https:\/\/eson.com.pl\/wp-content\/uploads\/2021\/09\/2-1024x768.png\" alt=\"\" class=\"wp-image-56\" style=\"width:442px;height:331px\" width=\"442\" height=\"331\" srcset=\"https:\/\/eson.com.pl\/wp-content\/uploads\/2021\/09\/2-1024x768.png 1024w, https:\/\/eson.com.pl\/wp-content\/uploads\/2021\/09\/2-300x225.png 300w, https:\/\/eson.com.pl\/wp-content\/uploads\/2021\/09\/2-768x576.png 768w, https:\/\/eson.com.pl\/wp-content\/uploads\/2021\/09\/2-1536x1153.png 1536w, https:\/\/eson.com.pl\/wp-content\/uploads\/2021\/09\/2.png 2011w\" sizes=\"(max-width: 442px) 100vw, 442px\" \/><\/figure>\n\n\n\n<p>Kszta\u0142t i wymiary koz\u0142a oporowego przedstawiono na rysunku:<\/p>\n\n\n\n<figure class=\"wp-block-image size-large is-resized\"><img decoding=\"async\" src=\"https:\/\/eson.com.pl\/wp-content\/uploads\/2021\/09\/4-1024x764.png\" alt=\"\" class=\"wp-image-55\" style=\"width:550px;height:409px\" width=\"550\" height=\"409\" srcset=\"https:\/\/eson.com.pl\/wp-content\/uploads\/2021\/09\/4-1024x764.png 1024w, https:\/\/eson.com.pl\/wp-content\/uploads\/2021\/09\/4-300x224.png 300w, https:\/\/eson.com.pl\/wp-content\/uploads\/2021\/09\/4-768x573.png 768w\" sizes=\"(max-width: 550px) 100vw, 550px\" \/><\/figure>\n\n\n\n<p>Tor \u017ceberka ochronnego lub inny tor, zako\u0144czony koz\u0142em oporowym stalowym, powinien by\u0107 zasypany na wysoko\u015b\u0107 10 cm nad g\u0142\u00f3wk\u0105 szyny na d\u0142ugo\u015bci co najmniej 30m przed koz\u0142em oporowym przy semaforach wjazdowych i na d\u0142ugo\u015bci 15m przy semaforach wyjazdowych. Je\u017celi \u017ceberko ochronne lub inny tor prowadzi w kierunku trwa\u0142ej przeszkody, odleg\u0142o\u015b\u0107 koz\u0142a oporowego od przeszkody powinna wynosi\u0107 co najmniej 100m, a tor powinien by\u0107 zasypany ponad g\u0142\u00f3wk\u0105 szyny na d\u0142ugo\u015bci co najmniej 30m na wysoko\u015b\u0107 od 15cm na pocz\u0105tku zasypania do 30 cm przy ko\u017ale oporowym. Dopuszczalne jest, w uzasadnionych przypadkach, zmniejszenie odleg\u0142o\u015bci koz\u0142a do przeszkody do 50m, pod warunkiem zasypania terenu za koz\u0142em warstw\u0105 o grubo\u015bci co najmniej 50cm na d\u0142ugo\u015bci nie mniejszej ni\u017c 30m. Do zasypania tor\u00f3w \u017ceberkowych mo\u017cna stosowa\u0107 kliniec, \u017cwir lub piasek.<\/p>\n\n\n\n<p>Zakres bada\u0144 koz\u0142\u00f3w stalowych obejmuje sprawdzenie:<\/p>\n\n\n\n<p>&nbsp; &nbsp; &nbsp; &nbsp; &nbsp; &nbsp;\u00b7&nbsp;&nbsp;atest\u00f3w materia\u0142owych<\/p>\n\n\n\n<p>&nbsp; &nbsp; &nbsp; &nbsp; &nbsp; &nbsp;\u00b7&nbsp;&nbsp;wymiar\u00f3w i tolerancji wykonania<\/p>\n\n\n\n<p>&nbsp; &nbsp; &nbsp; &nbsp; &nbsp; &nbsp;\u00b7&nbsp;&nbsp;stanu wygl\u0105du zewn\u0119trznego i prawid\u0142owo\u015bci monta\u017cu<\/p>\n\n\n\n<p>Sprawdzanie polega na skontrolowaniu atest\u00f3w materia\u0142\u00f3w oraz stwierdzeniu czy stal danego gatunku spe\u0142nia wymagania odpowiadaj\u0105cej normy.<\/p>\n\n\n\n<p>Sprawdzanie wymiar\u00f3w i tolerancji wykonania przeprowadza si\u0119 za pomoc\u0105 warsztatowych narz\u0119dzi pomiarowych posiadaj\u0105cych podzia\u0142k\u0119 milimetrow\u0105 z dok\u0142adno\u015bci\u0105 do 1mm.<\/p>\n\n\n\n<p>Oceny dokonuje si\u0119 wzrokowo oraz za pomoc\u0105 linia\u0142u kraw\u0119dziowego i przymiaru liniowego o dok\u0142adno\u015bci pomiarowej 1,0mm.<\/p>\n\n\n\n<p>Kozio\u0142 oporowy&nbsp; z szyn jest zgodny z wymaganiami WTWiO, je\u017celi wyniki wszystkich przeprowadzonych bada\u0144 s\u0105 zgodne z wymaganiami okre\u015blonymi poni\u017cej:<\/p>\n\n\n\n<p>&nbsp; &nbsp; &nbsp; &nbsp; &nbsp; 1.&nbsp;Rozporz\u0105dzenie MTiGM z dnia 10 wrze\u015bnia 1998r. w sprawie warunk\u00f3w technicznych jakim powinny odpowiada\u0107 budowle kolejowe i ich usytuowanie (Dz.U.Nr 151, poz.987).<\/p>\n\n\n\n<p>&nbsp; &nbsp; &nbsp; &nbsp; &nbsp; 2.&nbsp;PN-EN 13674-1:2008 Kolejnictwo \u2013 Tor \u2013 Szyna \u2013 Cz\u0119\u015b\u01071: Szyny kolejowe Vignole\u2019a o masie 46kg\/m i wi\u0119kszej.<\/p>\n\n\n\n<p>&nbsp; &nbsp; &nbsp; &nbsp; &nbsp; 3. PN-H-84027-07:1984 Stal dla kolejnictwa \u2013Szyny normalnotorowe \u2013 Gatunki.<\/p>\n\n\n\n<p>&nbsp; &nbsp; &nbsp; &nbsp; &nbsp; 4. PN-EN-10025:2002 Stal niestopowa konstrukcyjna og\u00f3lnego przeznaczenia \u2013Gatunki.<\/p>\n","protected":false},"excerpt":{"rendered":"<p>Koz\u0142y oporowe stalowe s\u0105 elementami nawierzchni kolejowej w trwa\u0142y spos\u00f3b zabezpieczaj\u0105cymi koniec toru kolejowego. Kozio\u0142 oporowy stalowy wykonany jest z szyn nowych lub starych u\u017cytecznych typu S42 lub 49E1 (S49) lub 60E1 (UIC60). Dopuszczalne zu\u017cycie boczne g\u0142\u00f3wki szyny ka\u017cdego typu wynosi 10mm, a dopuszczalne zu\u017cycie pionowe g\u0142\u00f3wki szyny dla ka\u017cdego typu wynosi 12mm. Kozio\u0142 oporowy &hellip; <\/p>\n<p class=\"link-more\"><a href=\"https:\/\/eson.com.pl\/?page_id=54\" class=\"more-link\">Czytaj dalej<span class=\"screen-reader-text\"> Koz\u0142y oporowe<\/span><\/a><\/p>\n","protected":false},"author":1,"featured_media":0,"parent":21,"menu_order":0,"comment_status":"closed","ping_status":"closed","template":"","meta":{"footnotes":""},"class_list":["post-54","page","type-page","status-publish","hentry"],"yoast_head":"<!-- This site is optimized with the Yoast SEO plugin v21.2 - https:\/\/yoast.com\/wordpress\/plugins\/seo\/ -->\n<title>Koz\u0142y oporowe - ESON Koz\u0142y oporowe kolejowe<\/title>\n<meta name=\"description\" content=\"Koz\u0142y oporowe stalowe s\u0105 elementami nawierzchni kolejowej w trwa\u0142y spos\u00f3b zabezpieczaj\u0105cymi koniec toru kolejowego. Kozio\u0142 oporowy stalowy wykonany jest z szyn nowych lub starych u\u017cytecznych typu S42 lub 49E1 (S49) lub 60E1 (UIC60).Dopuszczalne zu\u017cycie boczne g\u0142\u00f3wki szyny ka\u017cdego typu wynosi 10mm, a dopuszczalne zu\u017cycie pionowe g\u0142\u00f3wki szyny dla ka\u017cdego typu wynosi 12mm.Kozio\u0142 oporowy stalowy jest zbudowany z szyn nowych lub starych u\u017cytecznych typu S42 lub 49E1 (S49) lub 60E1 (UIC60).\" \/>\n<meta name=\"robots\" content=\"index, follow, max-snippet:-1, max-image-preview:large, max-video-preview:-1\" \/>\n<link rel=\"canonical\" href=\"https:\/\/eson.com.pl\/?page_id=54\" \/>\n<meta property=\"og:locale\" content=\"pl_PL\" \/>\n<meta property=\"og:type\" content=\"article\" \/>\n<meta property=\"og:title\" content=\"Koz\u0142y oporowe - ESON Koz\u0142y oporowe kolejowe\" \/>\n<meta property=\"og:description\" content=\"Koz\u0142y oporowe stalowe s\u0105 elementami nawierzchni kolejowej w trwa\u0142y spos\u00f3b zabezpieczaj\u0105cymi koniec toru kolejowego. Kozio\u0142 oporowy stalowy wykonany jest z szyn nowych lub starych u\u017cytecznych typu S42 lub 49E1 (S49) lub 60E1 (UIC60).Dopuszczalne zu\u017cycie boczne g\u0142\u00f3wki szyny ka\u017cdego typu wynosi 10mm, a dopuszczalne zu\u017cycie pionowe g\u0142\u00f3wki szyny dla ka\u017cdego typu wynosi 12mm.Kozio\u0142 oporowy stalowy jest zbudowany z szyn nowych lub starych u\u017cytecznych typu S42 lub 49E1 (S49) lub 60E1 (UIC60).\" \/>\n<meta property=\"og:url\" content=\"https:\/\/eson.com.pl\/?page_id=54\" \/>\n<meta property=\"og:site_name\" content=\"ESON\" \/>\n<meta property=\"article:modified_time\" content=\"2023-10-04T12:11:35+00:00\" \/>\n<meta property=\"og:image\" content=\"https:\/\/eson.com.pl\/wp-content\/uploads\/2021\/09\/2-1024x768.png\" \/>\n<meta name=\"twitter:card\" content=\"summary_large_image\" \/>\n<meta name=\"twitter:label1\" content=\"Szacowany czas czytania\" \/>\n\t<meta name=\"twitter:data1\" content=\"3 minuty\" \/>\n<script type=\"application\/ld+json\" class=\"yoast-schema-graph\">{\"@context\":\"https:\/\/schema.org\",\"@graph\":[{\"@type\":\"WebPage\",\"@id\":\"https:\/\/eson.com.pl\/?page_id=54\",\"url\":\"https:\/\/eson.com.pl\/?page_id=54\",\"name\":\"Koz\u0142y oporowe - ESON Koz\u0142y oporowe kolejowe\",\"isPartOf\":{\"@id\":\"https:\/\/eson.com.pl\/#website\"},\"datePublished\":\"2021-09-02T14:37:55+00:00\",\"dateModified\":\"2023-10-04T12:11:35+00:00\",\"description\":\"Koz\u0142y oporowe stalowe s\u0105 elementami nawierzchni kolejowej w trwa\u0142y spos\u00f3b zabezpieczaj\u0105cymi koniec toru kolejowego. Kozio\u0142 oporowy stalowy wykonany jest z szyn nowych lub starych u\u017cytecznych typu S42 lub 49E1 (S49) lub 60E1 (UIC60).Dopuszczalne zu\u017cycie boczne g\u0142\u00f3wki szyny ka\u017cdego typu wynosi 10mm, a dopuszczalne zu\u017cycie pionowe g\u0142\u00f3wki szyny dla ka\u017cdego typu wynosi 12mm.Kozio\u0142 oporowy stalowy jest zbudowany z szyn nowych lub starych u\u017cytecznych typu S42 lub 49E1 (S49) lub 60E1 (UIC60).\",\"breadcrumb\":{\"@id\":\"https:\/\/eson.com.pl\/?page_id=54#breadcrumb\"},\"inLanguage\":\"pl-PL\",\"potentialAction\":[{\"@type\":\"ReadAction\",\"target\":[\"https:\/\/eson.com.pl\/?page_id=54\"]}]},{\"@type\":\"BreadcrumbList\",\"@id\":\"https:\/\/eson.com.pl\/?page_id=54#breadcrumb\",\"itemListElement\":[{\"@type\":\"ListItem\",\"position\":1,\"name\":\"Home\",\"item\":\"https:\/\/eson.com.pl\/\"},{\"@type\":\"ListItem\",\"position\":2,\"name\":\"Nasze produkty\",\"item\":\"https:\/\/eson.com.pl\/?page_id=21\"},{\"@type\":\"ListItem\",\"position\":3,\"name\":\"Koz\u0142y oporowe\"}]},{\"@type\":\"WebSite\",\"@id\":\"https:\/\/eson.com.pl\/#website\",\"url\":\"https:\/\/eson.com.pl\/\",\"name\":\"ESON\",\"description\":\"\",\"publisher\":{\"@id\":\"https:\/\/eson.com.pl\/#organization\"},\"potentialAction\":[{\"@type\":\"SearchAction\",\"target\":{\"@type\":\"EntryPoint\",\"urlTemplate\":\"https:\/\/eson.com.pl\/?s={search_term_string}\"},\"query-input\":\"required name=search_term_string\"}],\"inLanguage\":\"pl-PL\"},{\"@type\":\"Organization\",\"@id\":\"https:\/\/eson.com.pl\/#organization\",\"name\":\"ESON\",\"url\":\"https:\/\/eson.com.pl\/\",\"logo\":{\"@type\":\"ImageObject\",\"inLanguage\":\"pl-PL\",\"@id\":\"https:\/\/eson.com.pl\/#\/schema\/logo\/image\/\",\"url\":\"https:\/\/eson.com.pl\/wp-content\/uploads\/2021\/09\/cropped-logo-ESSON.png\",\"contentUrl\":\"https:\/\/eson.com.pl\/wp-content\/uploads\/2021\/09\/cropped-logo-ESSON.png\",\"width\":317,\"height\":250,\"caption\":\"ESON\"},\"image\":{\"@id\":\"https:\/\/eson.com.pl\/#\/schema\/logo\/image\/\"}}]}<\/script>\n<!-- \/ Yoast SEO plugin. -->","yoast_head_json":{"title":"Koz\u0142y oporowe - ESON Koz\u0142y oporowe kolejowe","description":"Koz\u0142y oporowe stalowe s\u0105 elementami nawierzchni kolejowej w trwa\u0142y spos\u00f3b zabezpieczaj\u0105cymi koniec toru kolejowego. Kozio\u0142 oporowy stalowy wykonany jest z szyn nowych lub starych u\u017cytecznych typu S42 lub 49E1 (S49) lub 60E1 (UIC60).Dopuszczalne zu\u017cycie boczne g\u0142\u00f3wki szyny ka\u017cdego typu wynosi 10mm, a dopuszczalne zu\u017cycie pionowe g\u0142\u00f3wki szyny dla ka\u017cdego typu wynosi 12mm.Kozio\u0142 oporowy stalowy jest zbudowany z szyn nowych lub starych u\u017cytecznych typu S42 lub 49E1 (S49) lub 60E1 (UIC60).","robots":{"index":"index","follow":"follow","max-snippet":"max-snippet:-1","max-image-preview":"max-image-preview:large","max-video-preview":"max-video-preview:-1"},"canonical":"https:\/\/eson.com.pl\/?page_id=54","og_locale":"pl_PL","og_type":"article","og_title":"Koz\u0142y oporowe - ESON Koz\u0142y oporowe kolejowe","og_description":"Koz\u0142y oporowe stalowe s\u0105 elementami nawierzchni kolejowej w trwa\u0142y spos\u00f3b zabezpieczaj\u0105cymi koniec toru kolejowego. Kozio\u0142 oporowy stalowy wykonany jest z szyn nowych lub starych u\u017cytecznych typu S42 lub 49E1 (S49) lub 60E1 (UIC60).Dopuszczalne zu\u017cycie boczne g\u0142\u00f3wki szyny ka\u017cdego typu wynosi 10mm, a dopuszczalne zu\u017cycie pionowe g\u0142\u00f3wki szyny dla ka\u017cdego typu wynosi 12mm.Kozio\u0142 oporowy stalowy jest zbudowany z szyn nowych lub starych u\u017cytecznych typu S42 lub 49E1 (S49) lub 60E1 (UIC60).","og_url":"https:\/\/eson.com.pl\/?page_id=54","og_site_name":"ESON","article_modified_time":"2023-10-04T12:11:35+00:00","og_image":[{"url":"https:\/\/eson.com.pl\/wp-content\/uploads\/2021\/09\/2-1024x768.png"}],"twitter_card":"summary_large_image","twitter_misc":{"Szacowany czas czytania":"3 minuty"},"schema":{"@context":"https:\/\/schema.org","@graph":[{"@type":"WebPage","@id":"https:\/\/eson.com.pl\/?page_id=54","url":"https:\/\/eson.com.pl\/?page_id=54","name":"Koz\u0142y oporowe - ESON Koz\u0142y oporowe kolejowe","isPartOf":{"@id":"https:\/\/eson.com.pl\/#website"},"datePublished":"2021-09-02T14:37:55+00:00","dateModified":"2023-10-04T12:11:35+00:00","description":"Koz\u0142y oporowe stalowe s\u0105 elementami nawierzchni kolejowej w trwa\u0142y spos\u00f3b zabezpieczaj\u0105cymi koniec toru kolejowego. Kozio\u0142 oporowy stalowy wykonany jest z szyn nowych lub starych u\u017cytecznych typu S42 lub 49E1 (S49) lub 60E1 (UIC60).Dopuszczalne zu\u017cycie boczne g\u0142\u00f3wki szyny ka\u017cdego typu wynosi 10mm, a dopuszczalne zu\u017cycie pionowe g\u0142\u00f3wki szyny dla ka\u017cdego typu wynosi 12mm.Kozio\u0142 oporowy stalowy jest zbudowany z szyn nowych lub starych u\u017cytecznych typu S42 lub 49E1 (S49) lub 60E1 (UIC60).","breadcrumb":{"@id":"https:\/\/eson.com.pl\/?page_id=54#breadcrumb"},"inLanguage":"pl-PL","potentialAction":[{"@type":"ReadAction","target":["https:\/\/eson.com.pl\/?page_id=54"]}]},{"@type":"BreadcrumbList","@id":"https:\/\/eson.com.pl\/?page_id=54#breadcrumb","itemListElement":[{"@type":"ListItem","position":1,"name":"Home","item":"https:\/\/eson.com.pl\/"},{"@type":"ListItem","position":2,"name":"Nasze produkty","item":"https:\/\/eson.com.pl\/?page_id=21"},{"@type":"ListItem","position":3,"name":"Koz\u0142y oporowe"}]},{"@type":"WebSite","@id":"https:\/\/eson.com.pl\/#website","url":"https:\/\/eson.com.pl\/","name":"ESON","description":"","publisher":{"@id":"https:\/\/eson.com.pl\/#organization"},"potentialAction":[{"@type":"SearchAction","target":{"@type":"EntryPoint","urlTemplate":"https:\/\/eson.com.pl\/?s={search_term_string}"},"query-input":"required name=search_term_string"}],"inLanguage":"pl-PL"},{"@type":"Organization","@id":"https:\/\/eson.com.pl\/#organization","name":"ESON","url":"https:\/\/eson.com.pl\/","logo":{"@type":"ImageObject","inLanguage":"pl-PL","@id":"https:\/\/eson.com.pl\/#\/schema\/logo\/image\/","url":"https:\/\/eson.com.pl\/wp-content\/uploads\/2021\/09\/cropped-logo-ESSON.png","contentUrl":"https:\/\/eson.com.pl\/wp-content\/uploads\/2021\/09\/cropped-logo-ESSON.png","width":317,"height":250,"caption":"ESON"},"image":{"@id":"https:\/\/eson.com.pl\/#\/schema\/logo\/image\/"}}]}},"_links":{"self":[{"href":"https:\/\/eson.com.pl\/index.php?rest_route=\/wp\/v2\/pages\/54","targetHints":{"allow":["GET"]}}],"collection":[{"href":"https:\/\/eson.com.pl\/index.php?rest_route=\/wp\/v2\/pages"}],"about":[{"href":"https:\/\/eson.com.pl\/index.php?rest_route=\/wp\/v2\/types\/page"}],"author":[{"embeddable":true,"href":"https:\/\/eson.com.pl\/index.php?rest_route=\/wp\/v2\/users\/1"}],"replies":[{"embeddable":true,"href":"https:\/\/eson.com.pl\/index.php?rest_route=%2Fwp%2Fv2%2Fcomments&post=54"}],"version-history":[{"count":5,"href":"https:\/\/eson.com.pl\/index.php?rest_route=\/wp\/v2\/pages\/54\/revisions"}],"predecessor-version":[{"id":129,"href":"https:\/\/eson.com.pl\/index.php?rest_route=\/wp\/v2\/pages\/54\/revisions\/129"}],"up":[{"embeddable":true,"href":"https:\/\/eson.com.pl\/index.php?rest_route=\/wp\/v2\/pages\/21"}],"wp:attachment":[{"href":"https:\/\/eson.com.pl\/index.php?rest_route=%2Fwp%2Fv2%2Fmedia&parent=54"}],"curies":[{"name":"wp","href":"https:\/\/api.w.org\/{rel}","templated":true}]}}